{"id":561,"date":"2019-12-08T17:38:47","date_gmt":"2019-12-08T16:38:47","guid":{"rendered":"http:\/\/otw.osteopathie-soetbeer.de\/?page_id=561"},"modified":"2020-01-07T11:03:21","modified_gmt":"2020-01-07T10:03:21","slug":"legal-notice","status":"publish","type":"page","link":"https:\/\/www.osteopathie-soetbeer.de\/en\/legal-notice\/","title":{"rendered":"Legal Notice"},"content":{"rendered":"\t\t<div data-elementor-type=\"wp-page\" data-elementor-id=\"561\" class=\"elementor elementor-561 elementor-111\" data-elementor-post-type=\"page\">\n\t\t\t\t\t\t<section class=\"elementor-section elementor-top-section elementor-element elementor-element-4640fb4 elementor-section-boxed elementor-section-height-default elementor-section-height-default\" data-id=\"4640fb4\" data-element_type=\"section\">\n\t\t\t\t\t\t<div class=\"elementor-container elementor-column-gap-default\">\n\t\t\t\t\t<div class=\"elementor-column elementor-col-100 elementor-top-column elementor-element elementor-element-015bfce\" data-id=\"015bfce\" data-element_type=\"column\">\n\t\t\t<div class=\"elementor-widget-wrap elementor-element-populated\">\n\t\t\t\t\t\t<div class=\"elementor-element elementor-element-b2ca3b9 elementor-widget elementor-widget-text-editor\" data-id=\"b2ca3b9\" data-element_type=\"widget\" data-widget_type=\"text-editor.default\">\n\t\t\t\t<div class=\"elementor-widget-container\">\n\t\t\t\t\t\t\t\t\t<div><div data-dmtmpl=\"true\" data-uialign=\"center\"><p><b>Angaben gem\u00e4\u00df \u00a7 5 TMG:<\/b><\/p><div>\u00a0<\/div><div>Corina Soetbeer<\/div><div>Praxis f\u00fcr Osteopathie &amp; Naturheilkunde<\/div><div>Haupstra\u00dfe 3<\/div><div>23911 Pogeez<\/div><div>Tel: 045 41 89 10 24<\/div><div>Email: info@osteopathie-soetbeer.de<\/div><div>\u00a0<\/div><div><b>Verantwortlich f\u00fcr den Inhalt nach \u00a7 55 Abs. 2 RstV.:<\/b><\/div><div>\u00a0<\/div><div>Corina Soetbeer<\/div><div>\u00a0<\/div><div><b>Umsatzsteuer-Identifikationsnummer:<\/b><\/div><div>\u00a0<\/div><div>Umsatzsteuerbefreit nach \u00a7 4 Nr. 14a UstG<\/div><div>\u00a0<\/div><div><b>Berufsbezeichnung:<\/b><\/div><div>\u00a0<\/div><div>Heilpraktikerin<\/div><div>\u00a0<\/div><div><i>Informationen zur Berufsordnung finden Sie unter folgendem Link:<\/i><\/div><div>\u00a0* Berufsordnung der Heilpraktiker (<a href=\"http:\/\/www.freieheilpraktiker.de\/\" target=\"_blank\" rel=\"noopener\">www.freie Heilpraktiker.de<\/a>)<\/div><div>\u00a0<\/div><div><i>Informationen zur Osteopathie finden Sie auf den Webseiten<\/i><\/div><div>* Bundesarbeitsgemeinschaft Osteopathie<\/div><div>* Verband der Osteopathen Deutschland e. V.<\/div><div>\u00a0<\/div><div><b>Aufsichtsbeh\u00f6rde:<\/b><\/div><div>Gesundheitsamt Kreis Herzogtum Lauenburg, 23909 Ratzeburg<\/div><\/div><div><p><b><br \/>Aufsichtsbeh\u00f6rde: <\/b><\/p><p>Landesamt f\u00fcr Gesundheit und Soziales Berlin (LaGeSo) Turmstr. 21, 10559 Berlin<br \/>Berufsbezeichnung: Heilpraktiker<br \/>Berufsbezeichnung verliehen im Land: Deutschland<br \/>Regelungen: Meine T\u00e4tigkeit als Heilpraktiker beruht auf der \u201cErlaubnis zur Aus\u00fcbung der Heilkunde ohne Bestallung\u201d gem\u00e4\u00df \u00a7 1 Abs.1 Heilpraktikergesetz vom 17.02.1939.<span class=\"Apple-converted-space\">\u00a0<\/span><\/p><p>Berufsordnung f\u00fcr Heilpraktiker: <a href=\"http:\/\/www.heilpraktiker.org\/die-berufsordnung-fuer-heilpraktiker\">http:\/\/www.heilpraktiker.org\/die-berufsordnung-fuer-heilpraktiker<\/a><\/p><p><b>Fotos:\u00a0<\/b><\/p><\/div><div data-dmtmpl=\"true\" data-uialign=\"center\"><div>&#8220;Wassertropfen auf Lotusblatt&#8221; von sensolux (fotolia);<\/div><div>&#8220;Baby&#8221; von Hannes Eichinger (fotolia);<\/div><div>&#8220;Globuli auf Stein&#8221; von Gerhard Seybert (fotolia);<\/div><div>&#8220;Mohnblumen&#8221; von Andreas Henschel;<\/div><div>&#8220;Corina Soetbeer&#8221; von Franzi Sch\u00e4del;<\/div><div>s\u00e4mtliche Bilder vom Ratzeburger See und Umgebung sind von Corina Soetbeer<br \/>Bildrechte: Corina Soetbeer<\/div><div>\u00a0<\/div><div>\u00a0<\/div><div><b>Besonderer Hinweis zum HWG (Heilmittelwerbegesetz):<\/b><\/div><div>\u00a0<\/div><div>Grunds\u00e4tzlich soll bei keiner meiner aufgef\u00fchrten Therapien der Eindruck erweckt werden, dass diesen ein Heilversprechen meinerseits zugrunde liegt, oder, dass Linderung oder Besserung eines<\/div><div>Krankheitszustandes garantiert oder versprochen werden kann.<\/div><\/div><\/div><div><div><div><div>Haftungsausschluss<\/div><div data-dmtmpl=\"true\" data-uialign=\"center\"><div><b>Disclaimer &#8211; rechtliche Hinweise<\/b><\/div><div><b>\u00a0<\/b><\/div><div>Haftungsbeschr\u00e4nkung f\u00fcr eigene Inhalte\u00a0<\/div><div>Die Inhalte unserer Webseiten wurden sorgf\u00e4ltig und nach bestem Gewissen erstellt. Gleichwohl kann f\u00f6r die Aktualit\u00e4t, Vollst\u00e4ndigkeit und Richtigkeit s\u00e4mtlicher Seiten keine Gew\u00e4hr \u00fcbernommen werden. Gem\u00e4\u00df Paragraph 7 Abs. 1 TMG sind wir als Diensteanbieter f\u00fcr eigene Inhalte auf diesen Seiten nach den allgemeinen Gesetzen verantwortlich. Wir sind als Diensteanbieter nach den Paragraphen 8 bis 10 TMG jedoch nicht verpflichtet, \u00fcbermittelte oder gespeicherte fremde Informationen zu \u00fcberwachen. Ab dem Zeitpunkt der Kenntnis einer konkreten Rechtsverletzung erfolgt eine umgehende Entfernung dieser Inhalte durch uns. Eine diesbez\u00fcgliche Haftung kann erst ab dem Zeitpunkt der Kenntniserlangung \u00fcbernommen werden.<\/div><div>\u00a0<\/div><div>Haftungsbeschr\u00e4nkung f\u00fcr externe Links\u00a0<\/div><div>Unsere Webseite enth\u00e4lt Verkn\u00fcpfungen zu Webseiten Dritter (sog. externe Links). Da wir auf deren Inhalte keinen Einfluss haben, kann f\u00fcr die fremden Inhalte keine Gew\u00e4hr \u00fcbernommen werden. F\u00fcr die Inhalte und Richtigkeit der Informationen ist stets der jeweilige Informationsanbieter der verlinkten Webseite verantwortlich. Zum Zeitpunkt der Verlinkung waren keine Rechtsverst\u00f6\u00dfe erkennbar. Sobald uns eine Rechtsverletzung bekannt wird, werden wir den jeweiligen Link umgehend entfernen.<\/div><div>\u00a0<\/div><div>Urheberrecht\u00a0<\/div><div>Die auf dieser Webseite ver\u00f6ffentlichten Inhalte und Werke unterliegen dem deutschen Urheberrecht. Jede Vervielf\u00e4ltigung, Bearbeitung, Verbreitung und jede Art der Verwertung au\u00dferhalb der Grenzen des Urheberrechts bed\u00fcrfen der vorherigen schriftlichen Zustimmung des jeweiligen Urhebers bzw. Autors.<\/div><div>\u00a0<\/div><div>Datenschutz\u00a0<\/div><div>Durch den Besuch dieser Webseite k\u00f6nnen Informationen \u00fcber den Zugriff (Datum, Uhrzeit, aufgerufene Seite) auf dem Server gespeichert werden. Dies stellt keine Auswertung personenbezogener Daten (z.B. Name, Anschrift oder E-Mail Adresse) dar. Sofern personenbezogene Daten erhoben werden, erfolgt dies &#8211; sofern m\u00f6glich &#8211; nur mit dem vorherigen Einverst\u00e4ndnis des Nutzers der Webseite. Eine Weiterleitung der Daten an Dritte findet ohne ausdr\u00fcckliche Zustimmung des Nutzers nicht statt. Wir weisen ausdr\u00fccklich darauf hin, dass die \u00dcbertragung von Daten im Internet (z.B. per E-Mail) Sicherheitsl\u00fccken aufweisen kann. Ein l\u00fcckenloser Schutz der Daten vor dem Zugriff Dritter ist nicht m\u00f6glich. Wir k\u00f6nnen keine Haftung f\u00fcr die durch solche Sicherheitsl\u00fccken entstehenden Sch\u00e4den \u00fcbernehmen. Der Verwendung aller ver\u00f6ffentlichten Kontaktdaten durch Dritte zum Zwecke von Werbung wird ausdr\u00fccklich widersprochen. Wir behalten uns rechtliche Schritte f\u00fcr den Fall der unverlangten Zusendung von Werbeinformationen, z.B. durch Spam-Mails, vor.<\/div><div>\u00a0<\/div><div>Quelle: Rose &amp; Partner Rechtsanw\u00e4lte und Steuerberater und www.mustervorlage.net<br \/><br \/><p>Hinweis gem\u00e4\u00df Online-Streitbeilegungs-Verordnung<\/p><p>Nach geltendem Recht bin ich verpflichtet, Verbraucher auf die Existenz der Europ\u00e4ischen Online-Streitbeilegungs-Plattform hinzuweisen, die f\u00fcr die Beilegung von Streitigkeiten genutzt werden kann, ohne dass ein Gericht eingeschaltet werden muss. F\u00fcr die Einrichtung der Plattform ist die Europ\u00e4ische Kommission zust\u00e4ndig. Die Europ\u00e4ische Online-Streitbeilegungs-Plattform ist hier zu finden: <a href=\"http:\/\/ec.europa.eu\/odr\">http:\/\/ec.europa.eu\/odr<\/a>. Ich weise aber darauf hin, dass ich nicht bereit bin, mich am Streitbeilegungsverfahren im Rahmen der Europ\u00e4ischen Online-Streitbeilegungs-Plattform zu beteiligen. Nutzen Sie zur Kontaktaufnahme bitte unsere obige E-Mail und Telefonnummer.<\/p><p>Disclaimer \u2013 rechtliche Hinweise<\/p><p>\u00a7 1 Warnhinweis zu Inhalten<br \/>Die kostenlosen und frei zug\u00e4nglichen Inhalte dieser Webseite wurden mit gr\u00f6\u00dftm\u00f6glicher Sorgfalt erstellt. Der Anbieter dieser Webseite \u00fcbernimmt jedoch keine Gew\u00e4hr f\u00fcr die Richtigkeit und Aktualit\u00e4t der bereitgestellten kostenlosen und frei zug\u00e4nglichen journalistischen Ratgeber und Nachrichten. Namentlich gekennzeichnete Beitr\u00e4ge geben die Meinung des jeweiligen Autors und nicht immer die Meinung des Anbieters wieder. Allein durch den Aufruf der kostenlosen und frei zug\u00e4nglichen Inhalte kommt keinerlei Vertragsverh\u00e4ltnis zwischen dem Nutzer und dem Anbieter zustande, insoweit fehlt es am Rechtsbindungswillen des Anbieters.<\/p><p>\u00a7 2 Externe Links<br \/>Diese Website enth\u00e4lt Verkn\u00fcpfungen zu Websites Dritter (\u201eexterne Links\u201c). Diese Websites unterliegen der Haftung der jeweiligen Betreiber. Der Anbieter hat bei der erstmaligen Verkn\u00fcpfung der externen Links die fremden Inhalte daraufhin \u00fcberpr\u00fcft, ob etwaige Rechtsverst\u00f6\u00dfe bestehen. Zu dem Zeitpunkt waren keine Rechtsverst\u00f6\u00dfe ersichtlich. Der Anbieter hat keinerlei Einfluss auf die aktuelle und zuk\u00fcnftige Gestaltung und auf die Inhalte der verkn\u00fcpften Seiten. Das Setzen von externen Links bedeutet nicht, dass sich der Anbieter die hinter dem Verweis oder Link liegenden Inhalte zu eigen macht. Eine st\u00e4ndige Kontrolle der externen Links ist f\u00fcr den Anbieter ohne konkrete Hinweise auf Rechtsverst\u00f6\u00dfe nicht zumutbar. Bei Kenntnis von Rechtsverst\u00f6\u00dfen werden jedoch derartige externe Links unverz\u00fcglich gel\u00f6scht.<\/p><p>\u00a7 3 Urheber- und Leistungsschutzrechte<br \/>Die auf dieser Website ver\u00f6ffentlichten Inhalte unterliegen dem deutschen Urheber- und Leistungsschutzrecht. Jede vom deutschen Urheber- und Leistungsschutzrecht nicht zugelassene Verwertung bedarf der vorherigen schriftlichen Zustimmung des Anbieters oder jeweiligen Rechteinhabers. Dies gilt insbesondere f\u00fcr Vervielf\u00e4ltigung, Bearbeitung, \u00dcbersetzung, Einspeicherung, Verarbeitung bzw. Wiedergabe von Inhalten in Datenbanken oder anderen elektronischen Medien und Systemen. Inhalte und Rechte Dritter sind dabei als solche gekennzeichnet. Die unerlaubte Vervielf\u00e4ltigung oder Weitergabe einzelner Inhalte oder kompletter Seiten ist nicht gestattet und strafbar. Lediglich die Herstellung von Kopien und Downloads f\u00fcr den pers\u00f6nlichen, privaten und nicht kommerziellen Gebrauch ist erlaubt.<\/p><p>Die Darstellung dieser Website in fremden Frames ist nur mit schriftlicher Erlaubnis zul\u00e4ssig.<\/p><p>\u00a7 4 Besondere Nutzungsbedingungen<br \/>Soweit besondere Bedingungen f\u00fcr einzelne Nutzungen dieser Website von den vorgenannten Paragraphen abweichen, wird an entsprechender Stelle ausdr\u00fccklich darauf hingewiesen. In diesem Falle gelten im jeweiligen Einzelfall die besonderen Nutzungsbedingungen.<\/p><p>\u00a7 5 Werbung<br \/>Die \u00dcbersendung unverlangter Werbung wird ohne weitere Ank\u00fcndigung im Wege der Abmahnung verfolgt und Anspr\u00fcche erforderlichenfalls auch gerichtlich durchgesetzt.<\/p><p>\u00a7 6 Besonderer Hinweis zum HWG (Heilmittelwerbegesetz)<br \/>Aus rechtlichen Gr\u00fcnden weise ich besonders darauf hin, dass bei keiner der aufgef\u00fchrten Therapien der Eindruck erweckt wird, dass hier ein Heilungsversprechen meinerseits zugrunde liegt, bzw. Linderung oder Verbesserung einer Erkrankung garantiert oder versprochen wird.\u00a0Unsere Homepage dient der allgemeinen Information und vermittelt lediglich einen oberfl\u00e4chlichen Einblick in unsere Arbeit in der Praxis. Sie ersetzt keine gesundheitliche Beratung oder Behandlung und kann nicht als Anleitung zur Eigenbehandlung genutzt werden.<\/p><p>Quelle: <a href=\"https:\/\/www.juraforum.de\/impressum-generator\/\">Impressum Muster von JuraForum.de<\/a><\/p><p>Sollte der Inhalt oder die Gestaltung einzelner Seiten oder Teile dieser Internetseite Rechte Dritter oder gesetzliche Bestimmungen verletzen oder anderweitig in irgendeiner Form wettbewerbsrechtliche Verst\u00f6\u00dfe beinhalten, so bitte ich unter Berufung auf \u00a7 8 Abs. 4 UWG, um eine angemessene, ausf\u00fchrlich erl\u00e4uternde und schnelle Nachricht ohne Kostennote.<\/p><\/div><\/div><\/div><\/div><\/div>\t\t\t\t\t\t\t\t<\/div>\n\t\t\t\t<\/div>\n\t\t\t\t\t<\/div>\n\t\t<\/div>\n\t\t\t\t\t<\/div>\n\t\t<\/section>\n\t\t\t\t<\/div>\n\t\t","protected":false},"excerpt":{"rendered":"","protected":false},"author":1,"featured_media":0,"parent":0,"menu_order":0,"comment_status":"closed","ping_status":"closed","template":"elementor_header_footer","meta":{"footnotes":""},"class_list":["post-561","page","type-page","status-publish","hentry"],"_links":{"self":[{"href":"https:\/\/www.osteopathie-soetbeer.de\/en\/wp-json\/wp\/v2\/pages\/561","targetHints":{"allow":["GET"]}}],"collection":[{"href":"https:\/\/www.osteopathie-soetbeer.de\/en\/wp-json\/wp\/v2\/pages"}],"about":[{"href":"https:\/\/www.osteopathie-soetbeer.de\/en\/wp-json\/wp\/v2\/types\/page"}],"author":[{"embeddable":true,"href":"https:\/\/www.osteopathie-soetbeer.de\/en\/wp-json\/wp\/v2\/users\/1"}],"replies":[{"embeddable":true,"href":"https:\/\/www.osteopathie-soetbeer.de\/en\/wp-json\/wp\/v2\/comments?post=561"}],"version-history":[{"count":1,"href":"https:\/\/www.osteopathie-soetbeer.de\/en\/wp-json\/wp\/v2\/pages\/561\/revisions"}],"predecessor-version":[{"id":562,"href":"https:\/\/www.osteopathie-soetbeer.de\/en\/wp-json\/wp\/v2\/pages\/561\/revisions\/562"}],"wp:attachment":[{"href":"https:\/\/www.osteopathie-soetbeer.de\/en\/wp-json\/wp\/v2\/media?parent=561"}],"curies":[{"name":"wp","href":"https:\/\/api.w.org\/{rel}","templated":true}]}}