{"id":330,"date":"2019-10-14T14:53:02","date_gmt":"2019-10-14T12:53:02","guid":{"rendered":"http:\/\/otw.osteopathie-soetbeer.de\/?page_id=330"},"modified":"2020-01-07T11:03:03","modified_gmt":"2020-01-07T10:03:03","slug":"about-me","status":"publish","type":"page","link":"https:\/\/www.osteopathie-soetbeer.de\/en\/about-me\/","title":{"rendered":"About me"},"content":{"rendered":"\t\t<div data-elementor-type=\"wp-page\" data-elementor-id=\"330\" class=\"elementor elementor-330 elementor-44\" data-elementor-post-type=\"page\">\n\t\t\t\t\t\t<section class=\"elementor-section elementor-top-section elementor-element elementor-element-1a1e32d elementor-section-boxed elementor-section-height-default elementor-section-height-default\" data-id=\"1a1e32d\" data-element_type=\"section\" data-settings=\"{&quot;background_background&quot;:&quot;classic&quot;}\">\n\t\t\t\t\t\t<div class=\"elementor-container elementor-column-gap-default\">\n\t\t\t\t\t<div class=\"elementor-column elementor-col-100 elementor-top-column elementor-element elementor-element-bd2da6c\" data-id=\"bd2da6c\" data-element_type=\"column\">\n\t\t\t<div class=\"elementor-widget-wrap\">\n\t\t\t\t\t\t\t<\/div>\n\t\t<\/div>\n\t\t\t\t\t<\/div>\n\t\t<\/section>\n\t\t\t\t<section class=\"elementor-section elementor-top-section elementor-element elementor-element-32a159e elementor-section-boxed elementor-section-height-default elementor-section-height-default\" data-id=\"32a159e\" data-element_type=\"section\">\n\t\t\t\t\t\t<div class=\"elementor-container elementor-column-gap-default\">\n\t\t\t\t\t<div class=\"elementor-column elementor-col-100 elementor-top-column elementor-element elementor-element-c89340f\" data-id=\"c89340f\" data-element_type=\"column\">\n\t\t\t<div class=\"elementor-widget-wrap elementor-element-populated\">\n\t\t\t\t\t\t<div class=\"elementor-element elementor-element-7f87b70 elementor-widget elementor-widget-heading\" data-id=\"7f87b70\" data-element_type=\"widget\" data-widget_type=\"heading.default\">\n\t\t\t\t<div class=\"elementor-widget-container\">\n\t\t\t\t\t<h2 class=\"elementor-heading-title elementor-size-default\">Philosophy<\/h2>\t\t\t\t<\/div>\n\t\t\t\t<\/div>\n\t\t\t\t\t<\/div>\n\t\t<\/div>\n\t\t\t\t\t<\/div>\n\t\t<\/section>\n\t\t\t\t<section class=\"elementor-section elementor-top-section elementor-element elementor-element-ca367c7 elementor-section-boxed elementor-section-height-default elementor-section-height-default\" data-id=\"ca367c7\" data-element_type=\"section\">\n\t\t\t\t\t\t<div class=\"elementor-container elementor-column-gap-default\">\n\t\t\t\t\t<div class=\"elementor-column elementor-col-100 elementor-top-column elementor-element elementor-element-432551c\" data-id=\"432551c\" data-element_type=\"column\">\n\t\t\t<div class=\"elementor-widget-wrap elementor-element-populated\">\n\t\t\t\t\t\t<div class=\"elementor-element elementor-element-a3f73ee elementor-widget elementor-widget-text-editor\" data-id=\"a3f73ee\" data-element_type=\"widget\" data-widget_type=\"text-editor.default\">\n\t\t\t\t<div class=\"elementor-widget-container\">\n\t\t\t\t\t\t\t\t\t<div id=\"1090650240\" class=\"u_1090650240 dmNewParagraph\" data-dmtmpl=\"true\" data-uialign=\"left\"><p>Im Laufe der Zeit hat sich meine Behandlungsphilosphie immer weiter entwickelt. Am Anfang war ich einfach nur begeistert von den wunderbaren M\u00f6glichkeiten der Hom\u00f6opathie bzw. der Osteopathie und deren Wirkung auf die Selbstheilungskr\u00e4fte meiner Patienten. Auf Grund der vielen Erfahrungen, die ich in diesem Bereich sammeln konnte, das Leichte und das Schwere das meine H\u00e4nde gehalten haben, machte ich mich auf den Weg, um noch mehr Kraft, Freude und Vitalit\u00e4t in die Behandlung zu bringen.<\/p><p>Jeder Mensch ist so individuell, dass er eigentlich in keine anatomische oder medizinische Norm passen kann, die von au\u00dfen kommt. Jeder Patient hat seine einzigartige Normalit\u00e4t. Diese l\u00e4sst sich nicht einfach in ein normiertes Behandlungskonzept einpassen, doch das wird h\u00e4ufig versucht, so als ob es einen Ablaufplan zum Erreichen der Gesundheit geben k\u00f6nnte.<\/p><p>Das Leben und die Erscheinung eines Menschen werden<span class=\"Apple-converted-space\">\u00a0 <\/span>nur zu einem kleinen Teil durch genetische Faktoren bestimmt, viel entscheidender sein pers\u00f6nliches Erleben. Traumata, Schocks und Kompensationen finden \u00fcber das Unterbewusstsein Ihren Ausdruck im K\u00f6rperlichen, Unverarbeitetes arbeitet gegen die k\u00f6rperliche Mitte, der Mensch ger\u00e4t aus dem Gleichgewicht, verliert den Einklang von K\u00f6rper und Geist. Eine daraus entstehende Krankheit ist das Signal, dass der K\u00f6rper eine Ver\u00e4nderung sucht und braucht.\u00a0<\/p><p>Die Naturheilkunde ist dabei ein Wegbegleiter. Sowohl das K\u00f6rperliche, auch das Seelische wird<span class=\"Apple-converted-space\">\u00a0 <\/span>angesprochen. Ziel der Behandlung ist es, das innere Gleichgewicht soll wieder hergestellt werden. K\u00f6rper und Geist sollen wieder in Gleichklang treten.\u00a0<\/p><p>Da der gesamte Mensch behandelt wird und nicht nur die Symptome oder Erkrankungen, gibt es keine Grenzen, vor allem wenn man auch komplement\u00e4r die Schulmedizin unterst\u00fctzt.<\/p><\/div>\t\t\t\t\t\t\t\t<\/div>\n\t\t\t\t<\/div>\n\t\t\t\t\t<\/div>\n\t\t<\/div>\n\t\t\t\t\t<\/div>\n\t\t<\/section>\n\t\t\t\t<section class=\"elementor-section elementor-top-section elementor-element elementor-element-dcc9400 elementor-section-boxed elementor-section-height-default elementor-section-height-default\" data-id=\"dcc9400\" data-element_type=\"section\">\n\t\t\t\t\t\t<div class=\"elementor-container elementor-column-gap-default\">\n\t\t\t\t\t<div class=\"elementor-column elementor-col-100 elementor-top-column elementor-element elementor-element-eeb2c5d\" data-id=\"eeb2c5d\" data-element_type=\"column\">\n\t\t\t<div class=\"elementor-widget-wrap elementor-element-populated\">\n\t\t\t\t\t\t<div class=\"elementor-element elementor-element-b984bea elementor-widget elementor-widget-heading\" data-id=\"b984bea\" data-element_type=\"widget\" data-widget_type=\"heading.default\">\n\t\t\t\t<div class=\"elementor-widget-container\">\n\t\t\t\t\t<h2 class=\"elementor-heading-title elementor-size-default\">\u00dcber mich<\/h2>\t\t\t\t<\/div>\n\t\t\t\t<\/div>\n\t\t\t\t\t<\/div>\n\t\t<\/div>\n\t\t\t\t\t<\/div>\n\t\t<\/section>\n\t\t\t\t<section class=\"elementor-section elementor-top-section elementor-element elementor-element-b20843b elementor-section-boxed elementor-section-height-default elementor-section-height-default\" data-id=\"b20843b\" data-element_type=\"section\">\n\t\t\t\t\t\t<div class=\"elementor-container elementor-column-gap-default\">\n\t\t\t\t\t<div class=\"elementor-column elementor-col-50 elementor-top-column elementor-element elementor-element-31357d1\" data-id=\"31357d1\" data-element_type=\"column\">\n\t\t\t<div class=\"elementor-widget-wrap elementor-element-populated\">\n\t\t\t\t\t\t<div class=\"elementor-element elementor-element-88d56fd elementor-widget elementor-widget-image\" data-id=\"88d56fd\" data-element_type=\"widget\" data-widget_type=\"image.default\">\n\t\t\t\t<div class=\"elementor-widget-container\">\n\t\t\t\t\t\t\t\t\t\t\t\t\t\t\t<img fetchpriority=\"high\" decoding=\"async\" width=\"640\" height=\"693\" src=\"https:\/\/www.osteopathie-soetbeer.de\/wp-content\/uploads\/2019\/10\/fcb4bee2-0189-4373-8127-6b803211ca8f.jpg\" class=\"attachment-full size-full wp-image-502\" alt=\"\" srcset=\"https:\/\/www.osteopathie-soetbeer.de\/wp-content\/uploads\/2019\/10\/fcb4bee2-0189-4373-8127-6b803211ca8f.jpg 640w, https:\/\/www.osteopathie-soetbeer.de\/wp-content\/uploads\/2019\/10\/fcb4bee2-0189-4373-8127-6b803211ca8f-277x300.jpg 277w\" sizes=\"(max-width: 640px) 100vw, 640px\" \/>\t\t\t\t\t\t\t\t\t\t\t\t\t\t\t<\/div>\n\t\t\t\t<\/div>\n\t\t\t\t\t<\/div>\n\t\t<\/div>\n\t\t\t\t<div class=\"elementor-column elementor-col-50 elementor-top-column elementor-element elementor-element-910044b\" data-id=\"910044b\" data-element_type=\"column\">\n\t\t\t<div class=\"elementor-widget-wrap elementor-element-populated\">\n\t\t\t\t\t\t<div class=\"elementor-element elementor-element-61e948e elementor-widget elementor-widget-text-editor\" data-id=\"61e948e\" data-element_type=\"widget\" data-widget_type=\"text-editor.default\">\n\t\t\t\t<div class=\"elementor-widget-container\">\n\t\t\t\t\t\t\t\t\t<div id=\"1192616385\" class=\"dmNewParagraph\" data-dmtmpl=\"true\" data-uialign=\"right\"><p><span class=\"font-size-24 lh-1\">Corina Soetbeer<\/span><\/p><\/div><div id=\"1314059010\" class=\"u_1314059010 dmNewParagraph\" data-dmtmpl=\"true\" data-uialign=\"right\"><ul class=\"innerList defaultList\"><li>geb. <strong>1966<\/strong>, zwei Kinder<\/li><\/ul><ul class=\"innerList defaultList\"><li><strong>1993 &#8211; 1997<\/strong><br \/>Vollzeitausbildung zur Heilpraktikerin an der Arcana Heilpraktikerschule in Hamburg<\/li><\/ul><ul class=\"innerList defaultList\"><li><strong>seit 1998<\/strong><br \/>Heilpraktikerin<\/li><\/ul><ul class=\"innerList defaultList\"><li><strong>1999 &#8211; 2004<\/strong><br \/>Ausbildung Osteopathie am College Sutherland mit Abschlusspr\u00fcfung vor einem europ\u00e4ischen Gremium, Abschlu\u00df nach BAO<br \/>Mitglied in der BAO (Bundesarbeitsgemeinschaft f\u00fcr Osteopathie), <a href=\"http:\/\/www.bao.de\/\" target=\"_blank\" rel=\"noopener\">www.bao.de<\/a><\/li><\/ul><ul class=\"innerList defaultList\"><li><p><strong>2013<span class=\"Apple-converted-space\">\u00a0<br \/><\/span><\/strong>Bachelorabschluss<span class=\"Apple-converted-space\">\u00a0 <\/span>(Bachelor of Sience), B.Sc Ost.<br \/>Osteopathie-Schule Hamburg in Kooperation mit der Dresden International University (DIO)<br \/>Bachelorarbeit: Osteopatische Behandlungsm\u00f6glichkeit bei kindlichen Spracherwerbsst\u00f6rungen im Alter von 3-8 Jahren (Pilotstudie)<\/p><\/li><li><p><strong>2014<br \/><\/strong>Masterabschluss (Master of Sience), M.Sc Ost.<br \/>Osteopathie-Schule Hamburg in Kooperation mit der Dresden International University (DIO)<br \/>Masterarbeit: Kindliche Sprachentwicklungsst\u00f6rungen \u2013 Ein Symptom im Spiegel der \u201esymphatho \u2013 vagalen Balance\u201c \u2013 Klinische Studie<\/p><\/li><li><p>Fortbildungen (zum Teil fortlaufend bzw. mehrj\u00e4hrig):<br \/>\u2013 Anatomie, Physiologie, Embryologie bei J.P H\u00f6ppner und Max Giradin www.morphologicum.org<br \/>\u2013 Warum wir so sind wie wir sind \u2013 Terence Dowling, www.becoming-human.eu<br \/>\u2013 Gyn\u00e4kologie bei der Corpp, Belgien<br \/>\u2013 Nosodentherapie, div.<br \/>\u2013 Fortbildung bei der SCTF, Belgien<br \/>\u2013 Physiologie, EVOST<\/p><ul><li>Verschiedene Fortbildungslehrg\u00e4nge \u201eVipassana Mediation\u201c bei Acharn MC Brigitte Schrottenbacher, <a href=\"http:\/\/www.meditationthailand.com\">www.meditationthailand.com<\/a><\/li><li>Hamburger Institut f\u00fcr systemische L\u00f6sungen (HISL) mit den Abschl\u00fcssen<span class=\"Apple-converted-space\">\u00a0<\/span><\/li><\/ul><ol><li>Systemisch-psychologische Beraterin, &#8211; Coach<\/li><li>Systemisch-psychologische Meditation (noch in Ausbildung)<\/li><li>Systemisch-psychologische Psychotherapeut (noch in Ausbildung)<\/li><\/ol><\/li><\/ul><\/div>\t\t\t\t\t\t\t\t<\/div>\n\t\t\t\t<\/div>\n\t\t\t\t\t<\/div>\n\t\t<\/div>\n\t\t\t\t\t<\/div>\n\t\t<\/section>\n\t\t\t\t<\/div>\n\t\t","protected":false},"excerpt":{"rendered":"<p>Philosophy Im Laufe der Zeit hat sich meine Behandlungsphilosphie immer weiter entwickelt. Am Anfang war ich einfach nur begeistert von den wunderbaren M\u00f6glichkeiten der Hom\u00f6opathie bzw. der Osteopathie und deren Wirkung auf die Selbstheilungskr\u00e4fte meiner Patienten. Auf Grund der vielen Erfahrungen, die ich in diesem Bereich sammeln konnte, das Leichte und das Schwere das meine [&hellip;]<\/p>\n","protected":false},"author":1,"featured_media":0,"parent":0,"menu_order":0,"comment_status":"closed","ping_status":"closed","template":"elementor_header_footer","meta":{"footnotes":""},"class_list":["post-330","page","type-page","status-publish","hentry"],"_links":{"self":[{"href":"https:\/\/www.osteopathie-soetbeer.de\/en\/wp-json\/wp\/v2\/pages\/330","targetHints":{"allow":["GET"]}}],"collection":[{"href":"https:\/\/www.osteopathie-soetbeer.de\/en\/wp-json\/wp\/v2\/pages"}],"about":[{"href":"https:\/\/www.osteopathie-soetbeer.de\/en\/wp-json\/wp\/v2\/types\/page"}],"author":[{"embeddable":true,"href":"https:\/\/www.osteopathie-soetbeer.de\/en\/wp-json\/wp\/v2\/users\/1"}],"replies":[{"embeddable":true,"href":"https:\/\/www.osteopathie-soetbeer.de\/en\/wp-json\/wp\/v2\/comments?post=330"}],"version-history":[{"count":3,"href":"https:\/\/www.osteopathie-soetbeer.de\/en\/wp-json\/wp\/v2\/pages\/330\/revisions"}],"predecessor-version":[{"id":611,"href":"https:\/\/www.osteopathie-soetbeer.de\/en\/wp-json\/wp\/v2\/pages\/330\/revisions\/611"}],"wp:attachment":[{"href":"https:\/\/www.osteopathie-soetbeer.de\/en\/wp-json\/wp\/v2\/media?parent=330"}],"curies":[{"name":"wp","href":"https:\/\/api.w.org\/{rel}","templated":true}]}}